{"id":480,"date":"2023-03-01T16:20:17","date_gmt":"2023-03-01T22:20:17","guid":{"rendered":"https:\/\/mgschiavon.org\/?page_id=480"},"modified":"2026-01-13T18:09:49","modified_gmt":"2026-01-14T00:09:49","slug":"resources","status":"publish","type":"page","link":"https:\/\/mgschiavon.org\/?page_id=480","title":{"rendered":"Resources"},"content":{"rendered":"\n<h2 class=\"wp-block-heading\">Systems Biology<\/h2>\n\n\n\n<h3 class=\"wp-block-heading\">Workshops &amp; talks<\/h3>\n\n\n\n<div class=\"wp-block-columns is-layout-flex wp-container-core-columns-is-layout-9d6595d7 wp-block-columns-is-layout-flex\">\n<div class=\"wp-block-column is-layout-flow wp-block-column-is-layout-flow\">\n<figure class=\"wp-block-embed is-type-video is-provider-youtube wp-block-embed-youtube wp-embed-aspect-16-9 wp-has-aspect-ratio\"><div class=\"wp-block-embed__wrapper\">\n<div class=\"nv-iframe-embed\"><iframe loading=\"lazy\" title=\"Variar o resistir: selecci\u00f3n de respuestas din\u00e1micas a la incertidumbre ambiental\" width=\"1200\" height=\"675\" src=\"https:\/\/www.youtube.com\/embed\/dntGOnFnmRM?feature=oembed\" frameborder=\"0\" allow=\"accelerometer; autoplay; clipboard-write; encrypted-media; gyroscope; picture-in-picture; web-share\" referrerpolicy=\"strict-origin-when-cross-origin\" allowfullscreen><\/iframe><\/div>\n<\/div><figcaption class=\"wp-element-caption\"><strong>Seminario Institucional &#8220;Dr. Sa\u00fal Iv\u00e1n Hern\u00e1ndez Hern\u00e1ndez&#8221; | UMDI, UNAM<\/strong><br><em>Variar o resistir: selecci\u00f3n de respuestas din\u00e1micas a la incertidumbre ambiental<\/em><br>October 2025<\/figcaption><\/figure>\n<\/div>\n\n\n\n<div class=\"wp-block-column is-layout-flow wp-block-column-is-layout-flow\">\n<figure class=\"wp-block-embed is-type-video is-provider-youtube wp-block-embed-youtube wp-embed-aspect-4-3 wp-has-aspect-ratio\"><div class=\"wp-block-embed__wrapper\">\n<div class=\"nv-iframe-embed\"><iframe loading=\"lazy\" title=\"Evaluando el control por retroalimentaci\u00f3n en sistemas biol\u00f3gicos\" width=\"1200\" height=\"900\" src=\"https:\/\/www.youtube.com\/embed\/4u5vLhmCgAw?feature=oembed\" frameborder=\"0\" allow=\"accelerometer; autoplay; clipboard-write; encrypted-media; gyroscope; picture-in-picture; web-share\" referrerpolicy=\"strict-origin-when-cross-origin\" allowfullscreen><\/iframe><\/div>\n<\/div><figcaption class=\"wp-element-caption\"><strong>Seminario &#8211; FORO ACAD\u00c9MICO del CFATA (UNAM)<br><\/strong><em>Evaluando el control por retroalimentaci\u00f3n en sistemas biol\u00f3gicos.<br><\/em>Septiembre 2025<\/figcaption><\/figure>\n<\/div>\n<\/div>\n\n\n\n<div class=\"wp-block-columns is-layout-flex wp-container-core-columns-is-layout-9d6595d7 wp-block-columns-is-layout-flex\">\n<div class=\"wp-block-column is-layout-flow wp-block-column-is-layout-flow\">\n<figure class=\"wp-block-embed is-type-video is-provider-youtube wp-block-embed-youtube wp-embed-aspect-16-9 wp-has-aspect-ratio\"><div class=\"wp-block-embed__wrapper\">\n<div class=\"nv-iframe-embed\"><iframe loading=\"lazy\" title=\"Noise, epigenetic switching and adaptation - Mariana G\u00f3mez-Schiavon - SMBE Biological Noise Meeting\" width=\"1200\" height=\"675\" src=\"https:\/\/www.youtube.com\/embed\/SX4FoL4z35E?feature=oembed\" frameborder=\"0\" allow=\"accelerometer; autoplay; clipboard-write; encrypted-media; gyroscope; picture-in-picture; web-share\" referrerpolicy=\"strict-origin-when-cross-origin\" allowfullscreen><\/iframe><\/div>\n<\/div><figcaption class=\"wp-element-caption\"><strong>SMBE (Society for Molecular Biology and Evolution) satellite meeting: \u201cThe Origin, Maintenance and Evolution of Biological Noise&#8221;<\/strong><br><em>Epigenetic switching as an adaptive strategy: harnessing biochemical noise and other evolutionary trade-offs<\/em><br>June 2025<\/figcaption><\/figure>\n<\/div>\n\n\n\n<div class=\"wp-block-column is-layout-flow wp-block-column-is-layout-flow\">\n<figure class=\"wp-block-embed is-type-video is-provider-youtube wp-block-embed-youtube wp-embed-aspect-16-9 wp-has-aspect-ratio\"><div class=\"wp-block-embed__wrapper\">\n<div class=\"nv-iframe-embed\"><iframe loading=\"lazy\" title=\"SORS\/WomenInBSC: Understanding feedback control in biological systems\" width=\"1200\" height=\"675\" src=\"https:\/\/www.youtube.com\/embed\/HwH5yzdQ8Rk?feature=oembed\" frameborder=\"0\" allow=\"accelerometer; autoplay; clipboard-write; encrypted-media; gyroscope; picture-in-picture; web-share\" referrerpolicy=\"strict-origin-when-cross-origin\" allowfullscreen><\/iframe><\/div>\n<\/div><figcaption class=\"wp-element-caption\"><strong>SORS\/WomenInBSC<\/strong><br><strong>Life Sciences Department, Barcelona Supercomputing Center (BSC-CNS)<br><\/strong><em>Understanding feedback control in biological systems<br><\/em>May 2025<\/figcaption><\/figure>\n<\/div>\n<\/div>\n\n\n\n<div class=\"wp-block-columns is-layout-flex wp-container-core-columns-is-layout-9d6595d7 wp-block-columns-is-layout-flex\">\n<div class=\"wp-block-column is-layout-flow wp-block-column-is-layout-flow\">\n<figure class=\"wp-block-embed is-type-video is-provider-youtube wp-block-embed-youtube wp-embed-aspect-16-9 wp-has-aspect-ratio\"><div class=\"wp-block-embed__wrapper\">\n<div class=\"nv-iframe-embed\"><iframe loading=\"lazy\" title=\"Mariana G\u00f3mez-Schiavon\" width=\"1200\" height=\"675\" src=\"https:\/\/www.youtube.com\/embed\/yaHCsvdzXWY?feature=oembed\" frameborder=\"0\" allow=\"accelerometer; autoplay; clipboard-write; encrypted-media; gyroscope; picture-in-picture; web-share\" referrerpolicy=\"strict-origin-when-cross-origin\" allowfullscreen><\/iframe><\/div>\n<\/div><figcaption class=\"wp-element-caption\"><strong>Wissenschaftskolleg zu Berlin &#8211; Institute for Advanced Study, Fellow 2024\/2025<\/strong><br><em>Mathematical Modeling to Reshape Our Understanding of Biological Systems<br><\/em>October 2024<\/figcaption><\/figure>\n<\/div>\n\n\n\n<div class=\"wp-block-column is-layout-flow wp-block-column-is-layout-flow\">\n<figure class=\"wp-block-embed is-type-video is-provider-youtube wp-block-embed-youtube wp-embed-aspect-16-9 wp-has-aspect-ratio\"><div class=\"wp-block-embed__wrapper\">\n<div class=\"nv-iframe-embed\"><iframe loading=\"lazy\" title=\"55CNSMM |  &quot;Origen y evoluci\u00f3n de propiedades din\u00e1micas de circuitos de regulaci\u00f3n g\u00e9nica&quot;.\" width=\"1200\" height=\"675\" src=\"https:\/\/www.youtube.com\/embed\/19IGOSiElM8?feature=oembed\" frameborder=\"0\" allow=\"accelerometer; autoplay; clipboard-write; encrypted-media; gyroscope; picture-in-picture; web-share\" referrerpolicy=\"strict-origin-when-cross-origin\" allowfullscreen><\/iframe><\/div>\n<\/div><figcaption class=\"wp-element-caption\"><strong>55 Congreso Nacional SMM | Biomatem\u00e1ticas<\/strong> <br><em>Origen y evoluci\u00f3n de propiedades din\u00e1micas de circuitos de regulaci\u00f3n g\u00e9nica<br><\/em>Octubre 2022<\/figcaption><\/figure>\n<\/div>\n<\/div>\n\n\n\n<div class=\"wp-block-columns is-layout-flex wp-container-core-columns-is-layout-9d6595d7 wp-block-columns-is-layout-flex\">\n<div class=\"wp-block-column is-layout-flow wp-block-column-is-layout-flow\">\n<figure class=\"wp-block-embed is-type-video is-provider-youtube wp-block-embed-youtube wp-embed-aspect-16-9 wp-has-aspect-ratio\"><div class=\"wp-block-embed__wrapper\">\n<div class=\"nv-iframe-embed\"><iframe loading=\"lazy\" title=\"QBIO PROGRAM - Data-driven research\" width=\"1200\" height=\"675\" src=\"https:\/\/www.youtube.com\/embed\/videoseries?list=PLg0_ydgtbHGH91M3_ToQBtoCPPIyhEuiS\" frameborder=\"0\" allow=\"accelerometer; autoplay; clipboard-write; encrypted-media; gyroscope; picture-in-picture; web-share\" referrerpolicy=\"strict-origin-when-cross-origin\" allowfullscreen><\/iframe><\/div>\n<\/div><figcaption class=\"wp-element-caption\"><strong>Serrapilheira\/ICTP-SAIFR<br>TRAINING PROGRAM IN QUANTITATIVE BIOLOGY AND ECOLOGY<\/strong><br><em>Data driven research<\/em><br>August, 2022<br>More Information: <a rel=\"noreferrer noopener\" href=\"https:\/\/www.youtube.com\/redirect?event=video_description&amp;redir_token=QUFFLUhqa0ptQnRKZjFCT3ZUcUM5cjQ5TGQ5MGRCRlJaZ3xBQ3Jtc0ttVW0zYUR2UG9sWll3dUhUbzB0MDdfa1ROQVV5UXdDd3EyREllbmFFSnl6YkVqaHN3VVVPT2JKTTFDVnFFeVJ0QlcyVUJDRU55ekVCdDY1emE3RWFXM3hpenFwRU5zOGQtLVg0WFlTakE1UVJGSG5TVQ&amp;q=https%3A%2F%2Fwww.ictp-saifr.org%2Fqbioprogram%2F&amp;v=qBSK4mD4K1Q\" target=\"_blank\">https:\/\/www.ictp-saifr.org\/qbioprogram\/<\/a><\/figcaption><\/figure>\n<\/div>\n\n\n\n<div class=\"wp-block-column is-layout-flow wp-block-column-is-layout-flow\">\n<figure class=\"wp-block-embed is-type-video is-provider-youtube wp-block-embed-youtube wp-embed-aspect-16-9 wp-has-aspect-ratio\"><div class=\"wp-block-embed__wrapper\">\n<div class=\"nv-iframe-embed\"><iframe loading=\"lazy\" title=\"Biolog\u00eda de Sistemas: cuando la matem\u00e1tica habla de evoluci\u00f3n y gen\u00e9tica. Mariana G\u00f3mez | Mel Nuesch\" width=\"1200\" height=\"675\" src=\"https:\/\/www.youtube.com\/embed\/brtpNV92HVw?feature=oembed\" frameborder=\"0\" allow=\"accelerometer; autoplay; clipboard-write; encrypted-media; gyroscope; picture-in-picture; web-share\" referrerpolicy=\"strict-origin-when-cross-origin\" allowfullscreen><\/iframe><\/div>\n<\/div><figcaption class=\"wp-element-caption\"><strong>Serie Ciencia Latina por Mel Nuesch<br><\/strong><em>Biolog\u00eda de Sistemas: cuando la matem\u00e1tica habla de evoluci\u00f3n y gen\u00e9tica<\/em><br>Febrero 2022<\/figcaption><\/figure>\n<\/div>\n<\/div>\n\n\n\n<div class=\"wp-block-columns is-layout-flex wp-container-core-columns-is-layout-9d6595d7 wp-block-columns-is-layout-flex\">\n<div class=\"wp-block-column is-layout-flow wp-block-column-is-layout-flow\">\n<figure class=\"wp-block-embed is-type-video is-provider-youtube wp-block-embed-youtube wp-embed-aspect-16-9 wp-has-aspect-ratio\"><div class=\"wp-block-embed__wrapper\">\n<div class=\"nv-iframe-embed\"><iframe loading=\"lazy\" title=\"Origen y evoluci\u00f3n de propiedades din\u00e1micas de circuitos de regulaci\u00f3n g\u00e9nica\" width=\"1200\" height=\"675\" src=\"https:\/\/www.youtube.com\/embed\/6RA8GgaDdsQ?feature=oembed\" frameborder=\"0\" allow=\"accelerometer; autoplay; clipboard-write; encrypted-media; gyroscope; picture-in-picture; web-share\" referrerpolicy=\"strict-origin-when-cross-origin\" allowfullscreen><\/iframe><\/div>\n<\/div><figcaption class=\"wp-element-caption\"><strong>Seminario de la Academia de Evoluci\u00f3n (UNAM)<br><\/strong><em>Origen y evoluci\u00f3n de propiedades din\u00e1micas de circuitos de regulaci\u00f3n g\u00e9nica: Switches epigen\u00e9ticos en ambientes fluctuantes.<br><\/em>Junio 2021<\/figcaption><\/figure>\n<\/div>\n\n\n\n<div class=\"wp-block-column is-layout-flow wp-block-column-is-layout-flow\">\n<figure class=\"wp-block-embed is-type-wp-embed is-provider-evolutionary-systems-biology wp-block-embed-evolutionary-systems-biology\"><div class=\"wp-block-embed__wrapper\">\n<blockquote class=\"wp-embedded-content\" data-secret=\"sSlXJbwSUi\"><a href=\"https:\/\/mgschiavon.org\/?p=250\">Mathematical Modeling of Gene Regulatory Circuits Workshop, iBio (Chile)<\/a><\/blockquote><iframe loading=\"lazy\" class=\"wp-embedded-content\" sandbox=\"allow-scripts\" security=\"restricted\" style=\"position: absolute; visibility: hidden;\" title=\"&#8220;Mathematical Modeling of Gene Regulatory Circuits Workshop, iBio (Chile)&#8221; &#8212; Evolutionary Systems Biology\" src=\"https:\/\/mgschiavon.org\/?p=250&#038;embed=true#?secret=0YSipB2gkV#?secret=sSlXJbwSUi\" data-secret=\"sSlXJbwSUi\" width=\"600\" height=\"338\" frameborder=\"0\" marginwidth=\"0\" marginheight=\"0\" scrolling=\"no\"><\/iframe>\n<\/div><\/figure>\n<\/div>\n<\/div>\n","protected":false},"excerpt":{"rendered":"<p>Systems Biology Workshops &amp; talks<\/p>\n","protected":false},"author":1,"featured_media":0,"parent":0,"menu_order":0,"comment_status":"closed","ping_status":"closed","template":"","meta":{"neve_meta_sidebar":"full-width","neve_meta_container":"","neve_meta_enable_content_width":"on","neve_meta_content_width":100,"neve_meta_title_alignment":"","neve_meta_author_avatar":"","neve_post_elements_order":"","neve_meta_disable_header":"","neve_meta_disable_footer":"","neve_meta_disable_title":"","footnotes":""},"class_list":["post-480","page","type-page","status-publish","hentry"],"_links":{"self":[{"href":"https:\/\/mgschiavon.org\/index.php?rest_route=\/wp\/v2\/pages\/480","targetHints":{"allow":["GET"]}}],"collection":[{"href":"https:\/\/mgschiavon.org\/index.php?rest_route=\/wp\/v2\/pages"}],"about":[{"href":"https:\/\/mgschiavon.org\/index.php?rest_route=\/wp\/v2\/types\/page"}],"author":[{"embeddable":true,"href":"https:\/\/mgschiavon.org\/index.php?rest_route=\/wp\/v2\/users\/1"}],"replies":[{"embeddable":true,"href":"https:\/\/mgschiavon.org\/index.php?rest_route=%2Fwp%2Fv2%2Fcomments&post=480"}],"version-history":[{"count":6,"href":"https:\/\/mgschiavon.org\/index.php?rest_route=\/wp\/v2\/pages\/480\/revisions"}],"predecessor-version":[{"id":762,"href":"https:\/\/mgschiavon.org\/index.php?rest_route=\/wp\/v2\/pages\/480\/revisions\/762"}],"wp:attachment":[{"href":"https:\/\/mgschiavon.org\/index.php?rest_route=%2Fwp%2Fv2%2Fmedia&parent=480"}],"curies":[{"name":"wp","href":"https:\/\/api.w.org\/{rel}","templated":true}]}}