{"id":22,"date":"2021-01-29T17:53:21","date_gmt":"2021-01-29T17:53:21","guid":{"rendered":"http:\/\/mgschiavon.org\/?page_id=22"},"modified":"2026-01-13T17:05:59","modified_gmt":"2026-01-13T23:05:59","slug":"home","status":"publish","type":"page","link":"https:\/\/mgschiavon.org\/","title":{"rendered":""},"content":{"rendered":"\n<div class=\"wp-block-columns is-layout-flex wp-container-core-columns-is-layout-9d6595d7 wp-block-columns-is-layout-flex\">\n<div class=\"wp-block-column is-layout-flow wp-block-column-is-layout-flow\">\n<p class=\"has-drop-cap has-nv-light-bg-background-color has-background\">We want to understand how the dynamic properties of gene regulatory circuits&nbsp;emerge, proliferate and persist through natural selection. We do this combining evolutionary theory, population genetics, and biophysical models of gene regulatory circuits.<\/p>\n<\/div>\n\n\n\n<div class=\"wp-block-column is-layout-flow wp-block-column-is-layout-flow\">\n<p class=\"has-drop-cap has-nv-light-bg-color has-neve-link-hover-color-background-color has-text-color has-background\">Queremos entender c\u00f3mo las propiedades din\u00e1micas de los circuitos de regulaci\u00f3n g\u00e9nica surgen, proliferan y persisten a trav\u00e9s de la selecci\u00f3n natural. Hacemos esto combinando la teor\u00eda evolutiva, gen\u00e9tica de poblaciones, y los modelos biof\u00edsicos de los sistemas de regulaci\u00f3n g\u00e9nica.<\/p>\n<\/div>\n<\/div>\n\n\n\n<hr class=\"wp-block-separator has-css-opacity\"\/>\n\n\n<div class=\"wp-block-image\">\n<figure class=\"aligncenter size-full is-resized\"><img loading=\"lazy\" decoding=\"async\" width=\"1102\" height=\"733\" src=\"https:\/\/mgschiavon.org\/wp-content\/uploads\/2026\/01\/Lab-photo-2025-09-v2.png\" alt=\"\" class=\"wp-image-745\" style=\"width:570px;height:auto\" srcset=\"https:\/\/mgschiavon.org\/wp-content\/uploads\/2026\/01\/Lab-photo-2025-09-v2.png 1102w, https:\/\/mgschiavon.org\/wp-content\/uploads\/2026\/01\/Lab-photo-2025-09-v2-300x200.png 300w, https:\/\/mgschiavon.org\/wp-content\/uploads\/2026\/01\/Lab-photo-2025-09-v2-1024x681.png 1024w, https:\/\/mgschiavon.org\/wp-content\/uploads\/2026\/01\/Lab-photo-2025-09-v2-768x511.png 768w, https:\/\/mgschiavon.org\/wp-content\/uploads\/2026\/01\/Lab-photo-2025-09-v2-930x620.png 930w\" sizes=\"auto, (max-width: 1102px) 100vw, 1102px\" \/><\/figure>\n<\/div>\n\n\n<hr class=\"wp-block-separator has-css-opacity\"\/>\n\n\n<div class=\"wp-block-image\">\n<figure class=\"aligncenter size-large\"><img loading=\"lazy\" decoding=\"async\" width=\"900\" height=\"600\" src=\"https:\/\/mgschiavon.org\/wp-content\/uploads\/2021\/05\/LIIGH.jpg\" alt=\"\" class=\"wp-image-219\" srcset=\"https:\/\/mgschiavon.org\/wp-content\/uploads\/2021\/05\/LIIGH.jpg 900w, https:\/\/mgschiavon.org\/wp-content\/uploads\/2021\/05\/LIIGH-300x200.jpg 300w, https:\/\/mgschiavon.org\/wp-content\/uploads\/2021\/05\/LIIGH-768x512.jpg 768w\" sizes=\"auto, (max-width: 900px) 100vw, 900px\" \/><\/figure>\n<\/div>\n\n\n<div class=\"wp-block-columns is-layout-flex wp-container-core-columns-is-layout-9d6595d7 wp-block-columns-is-layout-flex\">\n<div class=\"wp-block-column is-layout-flow wp-block-column-is-layout-flow\">\n<p class=\"has-nv-dark-bg-color has-nv-light-bg-background-color has-text-color has-background\">Proudly part of the <strong>International Laboratory for Human Genome Research (LIIGH), UNAM<\/strong><br><a rel=\"noreferrer noopener\" href=\"https:\/\/liigh.unam.mx\" target=\"_blank\"><span class=\"has-inline-color has-nv-c-1-color\">liigh.unam.mx<\/span><\/a><\/p>\n<\/div>\n\n\n\n<div class=\"wp-block-column is-layout-flow wp-block-column-is-layout-flow\">\n<p class=\"has-nv-site-bg-color has-neve-link-hover-color-background-color has-text-color has-background\">Orgullosamente parte del <strong>Laboratorio Internacional de Investigaci\u00f3n sobre el Genoma Humano (LIIGH), UNAM<\/strong><br><a rel=\"noreferrer noopener\" href=\"https:\/\/liigh.unam.mx\" target=\"_blank\">liigh.unam.mx<\/a><\/p>\n<\/div>\n<\/div>\n\n\n\n<hr class=\"wp-block-separator has-css-opacity\"\/>\n\n\n\n<div class=\"wp-block-columns is-layout-flex wp-container-core-columns-is-layout-9d6595d7 wp-block-columns-is-layout-flex\">\n<div class=\"wp-block-column is-layout-flow wp-block-column-is-layout-flow\">\n<p class=\"has-nv-light-bg-background-color has-background\">Also part of the <strong>Millennium Institute for Integrative Biology (iBio), <strong>Chile<\/strong><\/strong><br><a rel=\"noreferrer noopener\" href=\"https:\/\/www.ibio.cl\" target=\"_blank\"><span class=\"has-inline-color has-nv-c-1-color\">www.ibio.cl<\/span><\/a><\/p>\n<\/div>\n\n\n\n<div class=\"wp-block-column is-layout-flow wp-block-column-is-layout-flow\">\n<figure class=\"wp-block-image size-large\"><img loading=\"lazy\" decoding=\"async\" width=\"302\" height=\"126\" src=\"https:\/\/mgschiavon.org\/wp-content\/uploads\/2021\/05\/iBio.png\" alt=\"\" class=\"wp-image-221\" srcset=\"https:\/\/mgschiavon.org\/wp-content\/uploads\/2021\/05\/iBio.png 302w, https:\/\/mgschiavon.org\/wp-content\/uploads\/2021\/05\/iBio-300x125.png 300w\" sizes=\"auto, (max-width: 302px) 100vw, 302px\" \/><\/figure>\n<\/div>\n\n\n\n<div class=\"wp-block-column is-layout-flow wp-block-column-is-layout-flow\">\n<p class=\"has-nv-site-bg-color has-neve-link-hover-color-background-color has-text-color has-background\">Tambi\u00e9n parte del <strong>Instituto Milenio de Biolog\u00eda Integrativa (iBio), Chile<\/strong><br><a rel=\"noreferrer noopener\" href=\"https:\/\/www.ibio.cl\/\" target=\"_blank\">www.ibio.cl<\/a><br><\/p>\n<\/div>\n<\/div>\n\n\n\n<hr class=\"wp-block-separator has-css-opacity\"\/>\n","protected":false},"excerpt":{"rendered":"<p>We want to understand how the dynamic properties of gene regulatory circuits&nbsp;emerge, proliferate and persist through natural selection. We do this combining evolutionary theory, population genetics, and biophysical models of gene regulatory circuits. Queremos entender c\u00f3mo las propiedades din\u00e1micas de los circuitos de regulaci\u00f3n g\u00e9nica surgen, proliferan y persisten a trav\u00e9s de la selecci\u00f3n natural.&hellip;&nbsp;<a href=\"https:\/\/mgschiavon.org\/\" rel=\"bookmark\">Read More &raquo;<span class=\"screen-reader-text\"><\/span><\/a><\/p>\n","protected":false},"author":1,"featured_media":0,"parent":0,"menu_order":0,"comment_status":"closed","ping_status":"closed","template":"","meta":{"neve_meta_sidebar":"","neve_meta_container":"contained","neve_meta_enable_content_width":"","neve_meta_content_width":0,"neve_meta_title_alignment":"","neve_meta_author_avatar":"","neve_post_elements_order":"","neve_meta_disable_header":"off","neve_meta_disable_footer":"","neve_meta_disable_title":"","footnotes":""},"class_list":["post-22","page","type-page","status-publish","hentry"],"_links":{"self":[{"href":"https:\/\/mgschiavon.org\/index.php?rest_route=\/wp\/v2\/pages\/22","targetHints":{"allow":["GET"]}}],"collection":[{"href":"https:\/\/mgschiavon.org\/index.php?rest_route=\/wp\/v2\/pages"}],"about":[{"href":"https:\/\/mgschiavon.org\/index.php?rest_route=\/wp\/v2\/types\/page"}],"author":[{"embeddable":true,"href":"https:\/\/mgschiavon.org\/index.php?rest_route=\/wp\/v2\/users\/1"}],"replies":[{"embeddable":true,"href":"https:\/\/mgschiavon.org\/index.php?rest_route=%2Fwp%2Fv2%2Fcomments&post=22"}],"version-history":[{"count":29,"href":"https:\/\/mgschiavon.org\/index.php?rest_route=\/wp\/v2\/pages\/22\/revisions"}],"predecessor-version":[{"id":747,"href":"https:\/\/mgschiavon.org\/index.php?rest_route=\/wp\/v2\/pages\/22\/revisions\/747"}],"wp:attachment":[{"href":"https:\/\/mgschiavon.org\/index.php?rest_route=%2Fwp%2Fv2%2Fmedia&parent=22"}],"curies":[{"name":"wp","href":"https:\/\/api.w.org\/{rel}","templated":true}]}}